{"id":745,"date":"2025-09-17T23:29:30","date_gmt":"2025-09-17T21:29:30","guid":{"rendered":"https:\/\/jelenadovgan.com\/homepage\/ruda-collection\/"},"modified":"2025-11-23T21:36:56","modified_gmt":"2025-11-23T19:36:56","slug":"ruda-kolekcija","status":"publish","type":"page","link":"https:\/\/jelenadovgan.com\/lt\/homepage\/ruda-kolekcija\/","title":{"rendered":"Ruda Kolekcija"},"content":{"rendered":"<section class=\"l-section wpb_row height_auto\"><div class=\"l-section-overlay\" style=\"background:var(--color-header-middle-text)\"><\/div><div class=\"l-section-h i-cf\"><div class=\"g-cols vc_row via_grid cols_1 laptops-cols_inherit tablets-cols_inherit mobiles-cols_1 valign_top type_default stacking_default\"><div class=\"wpb_column vc_column_container\"><div class=\"vc_column-inner\"><div class=\"w-btn-wrapper align_none\"><a class=\"w-btn us-btn-style_1 us_custom_46a2d1ee\" href=\"https:\/\/jelenadovgan.com\/lt\"><span class=\"w-btn-label\">atgal<\/span><\/a><\/div><\/div><\/div><\/div><\/div><\/section><section class=\"l-section wpb_row height_auto\"><div class=\"l-section-overlay\" style=\"background:var(--color-header-middle-text)\"><\/div><div class=\"l-section-h i-cf\"><div class=\"g-cols vc_row via_grid cols_1 laptops-cols_inherit tablets-cols_inherit mobiles-cols_1 valign_top type_default stacking_default\"><div class=\"wpb_column vc_column_container\"><div class=\"vc_column-inner\">\n\t\t\t\t<p class=\"rs-p-wp-fix\"><\/p>\n\t\t\t\t<sr7-module data-alias=\"jd-perfumes-lt-2-1\" data-id=\"34\" id=\"SR7_34_1\" class=\"rs-ov-hidden\" data-version=\"6.7.35\">\n\t\t\t\t\t<sr7-adjuster><\/sr7-adjuster>\n\t\t\t\t\t<sr7-content>\n\t\t\t\t\t\t<sr7-slide id=\"SR7_34_1-140\" data-key=\"140\">\n\t\t\t\t\t\t\t<sr7-txt id=\"SR7_34_1-140-4\" class=\"sr7-layer\">VILNIAUS SENAMIESTIS<\/sr7-txt>\n\t\t\t\t\t\t\t<sr7-txt id=\"SR7_34_1-140-6\" class=\"sr7-layer\">Vilniaus senamiestis \u2013 traukos vieta \u012fvairiausiems \u017emon\u0117ms. <br \/>\nDinami\u0161kas centras, kuriame sustojo laikas. <br \/>\n\u010cia vertinami individualumas ir k\u016brybin\u0117 laisv\u0117. <br \/>\nVir\u0161utin\u0117s natos: vy\u0161nia, mandarinas, raudonmedis. <br \/>\nVidurin\u0117s natos: granatas, tuberoza, labdanumas. <br \/>\nBazin\u0117s natos: vanil\u0117, tabakas, akigalawood.<br \/>\n\u0160ie kvepalai skirti moterims.<\/sr7-txt>\n\t\t\t\t\t\t<\/sr7-slide>\n\t\t\t\t\t\t<sr7-slide id=\"SR7_34_1-141\" data-key=\"141\">\n\t\t\t\t\t\t\t<sr7-txt id=\"SR7_34_1-141-4\" class=\"sr7-layer\">NAUJAMIESTIS<\/sr7-txt>\n\t\t\t\t\t\t\t<sr7-txt id=\"SR7_34_1-141-6\" class=\"sr7-layer\">Naujamiestis \u2013 tai jaukus kepykl\u0173 kvapas.<br \/>\nGatv\u0117s apgaubtos paslapties dvasia.<br \/>\nNuo \u010dia prasid\u0117jo pramon\u0117s istorija.<br \/>\nVir\u0161utin\u0117s natos: karamel\u0117, raudonmedis, figos.<br \/>\nVidurin\u0117s natos: frankincensas, kedras, agarmedis.<br \/>\nBazin\u0117s natos: muskusas, gintaras, ambrofix. <br \/>\n\u0160ie kvepalai skirti vyrams.<\/sr7-txt>\n\t\t\t\t\t\t<\/sr7-slide>\n\t\t\t\t\t\t<sr7-slide id=\"SR7_34_1-142\" data-key=\"142\">\n\t\t\t\t\t\t\t<sr7-txt id=\"SR7_34_1-142-7\" class=\"sr7-layer\"><\/sr7-txt>\n\t\t\t\t\t\t\t<sr7-txt id=\"SR7_34_1-142-8\" class=\"sr7-layer\">U\u017eupis<\/sr7-txt>\n\t\t\t\t\t\t\t<sr7-txt id=\"SR7_34_1-142-10\" class=\"sr7-layer\">U\u017eupis - tai kvartalas, kur tvyro bohemos dvasia.<br \/>\nTai moderni vieta, kurioje gimsta \u012fkv\u0117pimas k\u016brybai.<br \/>\n\u010cia taip jauku, kad norisi pasilikti.<br \/>\nVir\u0161utin\u0117s natos: laimas, mandarinas, karamel\u0117.<br \/>\nVidurin\u0117s natos: akigalawood, \u017ealioji arbata, hedionas.<br \/>\nBazin\u0117s natos: frankincensas, medus, vanil\u0117.<br \/>\n\u0160ie kvepalai yra unisex.<\/sr7-txt>\n\t\t\t\t\t\t<\/sr7-slide>\n\t\t\t\t\t\t<sr7-slide id=\"SR7_34_1-143\" data-key=\"143\">\n\t\t\t\t\t\t\t<sr7-txt id=\"SR7_34_1-143-11\" class=\"sr7-layer\">J\u016bs vykstate \u012f pagrindin\u012f Lietuvos teatr\u0105!<br \/>\nVasara baigiasi ir prasideda naujas sezonas.<br \/>\nPublika renkasi, \u0161urmulys auga, u\u017edanga tuoj prasivers!<br \/>\nVir\u0161utin\u0117s natos: kedras, ro\u017e\u0117.<br \/>\nVidurin\u0117s natos: bergamot\u0117, pakalnut\u0117.<br \/>\nBazin\u0117s natos: kvapnusis gvazdikmedis, migdolas.<br \/>\n\u0160is kvapas skirtas patalpoms.<\/sr7-txt>\n\t\t\t\t\t\t\t<sr7-txt id=\"SR7_34_1-143-12\" class=\"sr7-layer\"><\/sr7-txt>\n\t\t\t\t\t\t\t<sr7-txt id=\"SR7_34_1-143-14\" class=\"sr7-layer\"><\/sr7-txt>\n\t\t\t\t\t\t\t<sr7-txt id=\"SR7_34_1-143-17\" class=\"sr7-layer\">LIETUVOS NACIONALINIS DRAMOS TEATRAS<\/sr7-txt>\n\t\t\t\t\t\t<\/sr7-slide>\n\t\t\t\t\t\t<sr7-slide id=\"SR7_34_1-144\" data-key=\"144\">\n\t\t\t\t\t\t<\/sr7-slide>\n\t\t\t\t\t<\/sr7-content>\n\t\t\t\t\t<image_lists style=\"display:none\">\n\t\t\t\t\t\t<img data-src=\"\/\/jelenadovgan.com\/wp-content\/uploads\/Pasted-Graphic-2.tiff\" data-libid=\"568\" data-lib=\"medialibrary\" title=\"Pasted Graphic 2\" width=\"0\" height=\"0\" data-dbsrc=\"Ly9qZWxlbmFkb3ZnYW4uY29tL3dwLWNvbnRlbnQvdXBsb2Fkcy9QYXN0ZWQtR3JhcGhpYy0yLnRpZmY=\"\/>\n\t\t\t\t\t\t<img data-src=\"\/\/jelenadovgan.com\/wp-content\/uploads\/Pasted-Graphic.tiff\" data-libid=\"486\" data-lib=\"medialibrary\" title=\"Vilniaus Senamiestis\" width=\"0\" height=\"0\" data-dbsrc=\"Ly9qZWxlbmFkb3ZnYW4uY29tL3dwLWNvbnRlbnQvdXBsb2Fkcy9QYXN0ZWQtR3JhcGhpYy50aWZm\"\/>\n\t\t\t\t\t\t<img data-src=\"\/\/jelenadovgan.com\/wp-content\/uploads\/Pasted-Graphic-1.tiff\" data-libid=\"489\" data-lib=\"medialibrary\" title=\"Naujamiestis\" width=\"0\" height=\"0\" data-dbsrc=\"Ly9qZWxlbmFkb3ZnYW4uY29tL3dwLWNvbnRlbnQvdXBsb2Fkcy9QYXN0ZWQtR3JhcGhpYy0xLnRpZmY=\"\/>\n\t\t\t\t\t\t<img data-src=\"\/\/jelenadovgan.com\/wp-content\/uploads\/Pasted-Graphic-4.tiff\" data-libid=\"582\" data-lib=\"medialibrary\" title=\"Pasted Graphic 4\" width=\"0\" height=\"0\" data-dbsrc=\"Ly9qZWxlbmFkb3ZnYW4uY29tL3dwLWNvbnRlbnQvdXBsb2Fkcy9QYXN0ZWQtR3JhcGhpYy00LnRpZmY=\"\/>\n\t\t\t\t\t\t<img data-src=\"\/\/jelenadovgan.com\/wp-content\/uploads\/Pasted-Graphic-3.tiff\" data-libid=\"617\" data-lib=\"medialibrary\" title=\"Pasted Graphic\" width=\"0\" height=\"0\" data-dbsrc=\"Ly9qZWxlbmFkb3ZnYW4uY29tL3dwLWNvbnRlbnQvdXBsb2Fkcy9QYXN0ZWQtR3JhcGhpYy0zLnRpZmY=\"\/>\n\t\t\t\t\t\t<img data-src=\"\/\/jelenadovgan.com\/wp-content\/uploads\/Pasted-Graphic-1-1.tiff\" data-libid=\"620\" data-lib=\"medialibrary\" title=\"Pasted Graphic 1\" width=\"0\" height=\"0\" data-dbsrc=\"Ly9qZWxlbmFkb3ZnYW4uY29tL3dwLWNvbnRlbnQvdXBsb2Fkcy9QYXN0ZWQtR3JhcGhpYy0xLTEudGlmZg==\"\/>\n\t\t\t\t\t\t<img data-src=\"\/\/jelenadovgan.com\/wp-content\/uploads\/Pasted-Graphic-2-1.tiff\" data-libid=\"663\" data-lib=\"medialibrary\" title=\"Pasted Graphic 2\" width=\"0\" height=\"0\" data-dbsrc=\"Ly9qZWxlbmFkb3ZnYW4uY29tL3dwLWNvbnRlbnQvdXBsb2Fkcy9QYXN0ZWQtR3JhcGhpYy0yLTEudGlmZg==\"\/>\n\t\t\t\t\t\t<img data-src=\"\/\/jelenadovgan.com\/wp-content\/uploads\/Pasted-Graphic-3-1.tiff\" data-libid=\"666\" data-lib=\"medialibrary\" title=\"Pasted Graphic 3\" width=\"0\" height=\"0\" data-dbsrc=\"Ly9qZWxlbmFkb3ZnYW4uY29tL3dwLWNvbnRlbnQvdXBsb2Fkcy9QYXN0ZWQtR3JhcGhpYy0zLTEudGlmZg==\"\/>\n\t\t\t\t\t<\/image_lists>\n\t\t\t\t<\/sr7-module>\n\t\t\t\t<script>\n\t\t\t\t\tSR7.PMH ??={}; SR7.PMH[\"SR7_34_1\"] = {cn:100,state:false,fn: function() { if (_tpt!==undefined && _tpt.prepareModuleHeight !== undefined) {  _tpt.prepareModuleHeight({id:\"SR7_34_1\",el:[700,700,700,700,1050],type:'standard',shdw:'0',gh:[700,700,700,700,1050],gw:[1200,1200,1200,1200,480],vpt:['-100px&#039;,&#039;-100px&#039;,&#039;-100px&#039;,&#039;-100px&#039;,&#039;-100px'],size:{fullWidth:false, fullHeight:false},mh:'0',onh:0,onw:0,bg:{color:'{\"orig\":\"transparent\",\"type\":\"solid\",\"string\":\"transparent\"}'}});   SR7.PMH[\"SR7_34_1\"].state=true;} else if(SR7.PMH[\"SR7_34_1\"].cn-->0)\tsetTimeout( SR7.PMH[\"SR7_34_1\"].fn,19);}};SR7.PMH[\"SR7_34_1\" ].fn();\n\t\t\t\t<\/script>\n<\/div><\/div><\/div><\/div><\/section>\n","protected":false},"excerpt":{"rendered":"atgal VILNIAUS SENAMIESTIS Vilniaus senamiestis \u2013 traukos vieta \u012fvairiausiems \u017emon\u0117ms. Dinami\u0161kas centras, kuriame sustojo laikas. \u010cia vertinami individualumas ir k\u016brybin\u0117 laisv\u0117. Vir\u0161utin\u0117s natos: vy\u0161nia, mandarinas, raudonmedis. Vidurin\u0117s natos: granatas, tuberoza, labdanumas. Bazin\u0117s natos: vanil\u0117, tabakas, akigalawood. \u0160ie kvepalai skirti moterims. NAUJAMIESTIS Naujamiestis \u2013 tai jaukus kepykl\u0173 kvapas. Gatv\u0117s apgaubtos paslapties dvasia. Nuo \u010dia prasid\u0117jo pramon\u0117s...","protected":false},"author":2,"featured_media":0,"parent":430,"menu_order":0,"comment_status":"closed","ping_status":"closed","template":"","meta":{"_acf_changed":false,"footnotes":""},"class_list":["post-745","page","type-page","status-publish","hentry"],"acf":[],"_links":{"self":[{"href":"https:\/\/jelenadovgan.com\/lt\/wp-json\/wp\/v2\/pages\/745","targetHints":{"allow":["GET"]}}],"collection":[{"href":"https:\/\/jelenadovgan.com\/lt\/wp-json\/wp\/v2\/pages"}],"about":[{"href":"https:\/\/jelenadovgan.com\/lt\/wp-json\/wp\/v2\/types\/page"}],"author":[{"embeddable":true,"href":"https:\/\/jelenadovgan.com\/lt\/wp-json\/wp\/v2\/users\/2"}],"replies":[{"embeddable":true,"href":"https:\/\/jelenadovgan.com\/lt\/wp-json\/wp\/v2\/comments?post=745"}],"version-history":[{"count":3,"href":"https:\/\/jelenadovgan.com\/lt\/wp-json\/wp\/v2\/pages\/745\/revisions"}],"predecessor-version":[{"id":751,"href":"https:\/\/jelenadovgan.com\/lt\/wp-json\/wp\/v2\/pages\/745\/revisions\/751"}],"up":[{"embeddable":true,"href":"https:\/\/jelenadovgan.com\/lt\/wp-json\/wp\/v2\/pages\/430"}],"wp:attachment":[{"href":"https:\/\/jelenadovgan.com\/lt\/wp-json\/wp\/v2\/media?parent=745"}],"curies":[{"name":"wp","href":"https:\/\/api.w.org\/{rel}","templated":true}]}}