{"id":719,"date":"2025-11-23T20:57:26","date_gmt":"2025-11-23T18:57:26","guid":{"rendered":"https:\/\/jelenadovgan.com\/?page_id=719"},"modified":"2025-11-23T21:45:20","modified_gmt":"2025-11-23T19:45:20","slug":"melyna-kolekcija","status":"publish","type":"page","link":"https:\/\/jelenadovgan.com\/lt\/homepage\/melyna-kolekcija\/","title":{"rendered":"M\u0117lyna kolekcija"},"content":{"rendered":"<section class=\"l-section wpb_row height_auto\"><div class=\"l-section-overlay\" style=\"background:var(--color-header-middle-text)\"><\/div><div class=\"l-section-h i-cf\"><div class=\"g-cols vc_row via_grid cols_1 laptops-cols_inherit tablets-cols_inherit mobiles-cols_1 valign_top type_default stacking_default\"><div class=\"wpb_column vc_column_container\"><div class=\"vc_column-inner\"><div class=\"w-btn-wrapper align_none\"><a class=\"w-btn us-btn-style_1 us_custom_18ead218\" href=\"https:\/\/jelenadovgan.com\/lt\/\"><span class=\"w-btn-label\">atgal<\/span><\/a><\/div><\/div><\/div><\/div><\/div><\/section><section class=\"l-section wpb_row height_auto\"><div class=\"l-section-overlay\" style=\"background:var(--color-header-middle-text)\"><\/div><div class=\"l-section-h i-cf\"><div class=\"g-cols vc_row via_grid cols_1 laptops-cols_inherit tablets-cols_inherit mobiles-cols_1 valign_top type_default stacking_default\"><div class=\"wpb_column vc_column_container\"><div class=\"vc_column-inner\">\n\t\t\t\t<p class=\"rs-p-wp-fix\"><\/p>\n\t\t\t\t<sr7-module data-alias=\"jd-perfumes-lt-1\" data-id=\"37\" id=\"SR7_37_1\" class=\"rs-ov-hidden\" data-version=\"6.7.35\">\n\t\t\t\t\t<sr7-adjuster><\/sr7-adjuster>\n\t\t\t\t\t<sr7-content>\n\t\t\t\t\t\t<sr7-slide id=\"SR7_37_1-155\" data-key=\"155\">\n\t\t\t\t\t\t\t<sr7-txt id=\"SR7_37_1-155-18\" class=\"sr7-layer\"><\/sr7-txt>\n\t\t\t\t\t\t\t<sr7-txt id=\"SR7_37_1-155-19\" class=\"sr7-layer\">RASOS<\/sr7-txt>\n\t\t\t\t\t\t\t<sr7-txt id=\"SR7_37_1-155-21\" class=\"sr7-layer\">Ne\u012fvertinta istorin\u0117 vietov\u0117.<br \/>\nVieta, kuri traukia savo senais pastatais ir gamta.<br \/>\nJus su\u017eav\u0117s Ras\u0173 \u0161iluma ir j\u0173 skirtumas tarp kit\u0173 Vilniaus rajon\u0173.<br \/>\nVir\u0161utin\u0117s natos: ananasai, vy\u0161nia, aviet\u0117s.<br \/>\nVidurin\u0117s natos: tuberoza, heliotropas, kvepen\u0117. <br \/>\nBazin\u0117s natos: \u0161lamut\u0117, frankincensas, baltasis muskusas.<br \/>\n\u0160ie kvepalai skirti moterims.<\/sr7-txt>\n\t\t\t\t\t\t<\/sr7-slide>\n\t\t\t\t\t\t<sr7-slide id=\"SR7_37_1-163\" data-key=\"163\">\n\t\t\t\t\t\t<\/sr7-slide>\n\t\t\t\t\t<\/sr7-content>\n\t\t\t\t\t<image_lists style=\"display:none\">\n\t\t\t\t\t\t<img data-src=\"\/\/jelenadovgan.com\/wp-content\/uploads\/Pasted-Graphic-4-1.tiff\" data-libid=\"720\" data-lib=\"medialibrary\" title=\"Pasted Graphic 4\" width=\"0\" height=\"0\" data-dbsrc=\"Ly9qZWxlbmFkb3ZnYW4uY29tL3dwLWNvbnRlbnQvdXBsb2Fkcy9QYXN0ZWQtR3JhcGhpYy00LTEudGlmZg==\"\/>\n\t\t\t\t\t\t<img data-src=\"\/\/jelenadovgan.com\/wp-content\/uploads\/Pasted-Graphic-5.tiff\" data-libid=\"723\" data-lib=\"medialibrary\" title=\"Pasted Graphic 5\" width=\"0\" height=\"0\" data-dbsrc=\"Ly9qZWxlbmFkb3ZnYW4uY29tL3dwLWNvbnRlbnQvdXBsb2Fkcy9QYXN0ZWQtR3JhcGhpYy01LnRpZmY=\"\/>\n\t\t\t\t\t\t<img data-src=\"\/\/jelenadovgan.com\/wp-content\/uploads\/Pasted-Graphic-1.tiff\" data-libid=\"489\" data-lib=\"medialibrary\" title=\"Naujamiestis\" width=\"0\" height=\"0\" data-dbsrc=\"Ly9qZWxlbmFkb3ZnYW4uY29tL3dwLWNvbnRlbnQvdXBsb2Fkcy9QYXN0ZWQtR3JhcGhpYy0xLnRpZmY=\"\/>\n\t\t\t\t\t\t<img data-src=\"\/\/jelenadovgan.com\/wp-content\/uploads\/Pasted-Graphic-4.tiff\" data-libid=\"582\" data-lib=\"medialibrary\" title=\"Pasted Graphic 4\" width=\"0\" height=\"0\" data-dbsrc=\"Ly9qZWxlbmFkb3ZnYW4uY29tL3dwLWNvbnRlbnQvdXBsb2Fkcy9QYXN0ZWQtR3JhcGhpYy00LnRpZmY=\"\/>\n\t\t\t\t\t\t<img data-src=\"\/\/jelenadovgan.com\/wp-content\/uploads\/Pasted-Graphic-3.tiff\" data-libid=\"617\" data-lib=\"medialibrary\" title=\"Pasted Graphic\" width=\"0\" height=\"0\" data-dbsrc=\"Ly9qZWxlbmFkb3ZnYW4uY29tL3dwLWNvbnRlbnQvdXBsb2Fkcy9QYXN0ZWQtR3JhcGhpYy0zLnRpZmY=\"\/>\n\t\t\t\t\t\t<img data-src=\"\/\/jelenadovgan.com\/wp-content\/uploads\/Pasted-Graphic-1-1.tiff\" data-libid=\"620\" data-lib=\"medialibrary\" title=\"Pasted Graphic 1\" width=\"0\" height=\"0\" data-dbsrc=\"Ly9qZWxlbmFkb3ZnYW4uY29tL3dwLWNvbnRlbnQvdXBsb2Fkcy9QYXN0ZWQtR3JhcGhpYy0xLTEudGlmZg==\"\/>\n\t\t\t\t\t\t<img data-src=\"\/\/jelenadovgan.com\/wp-content\/uploads\/Pasted-Graphic-2-1.tiff\" data-libid=\"663\" data-lib=\"medialibrary\" title=\"Pasted Graphic 2\" width=\"0\" height=\"0\" data-dbsrc=\"Ly9qZWxlbmFkb3ZnYW4uY29tL3dwLWNvbnRlbnQvdXBsb2Fkcy9QYXN0ZWQtR3JhcGhpYy0yLTEudGlmZg==\"\/>\n\t\t\t\t\t\t<img data-src=\"\/\/jelenadovgan.com\/wp-content\/uploads\/Pasted-Graphic-3-1.tiff\" data-libid=\"666\" data-lib=\"medialibrary\" title=\"Pasted Graphic 3\" width=\"0\" height=\"0\" data-dbsrc=\"Ly9qZWxlbmFkb3ZnYW4uY29tL3dwLWNvbnRlbnQvdXBsb2Fkcy9QYXN0ZWQtR3JhcGhpYy0zLTEudGlmZg==\"\/>\n\t\t\t\t\t<\/image_lists>\n\t\t\t\t<\/sr7-module>\n\t\t\t\t<script>\n\t\t\t\t\tSR7.PMH ??={}; SR7.PMH[\"SR7_37_1\"] = {cn:100,state:false,fn: function() { if (_tpt!==undefined && _tpt.prepareModuleHeight !== undefined) {  _tpt.prepareModuleHeight({id:\"SR7_37_1\",el:[700,700,700,700,1050],type:'standard',shdw:'0',gh:[700,700,700,700,1050],gw:[1200,1200,1200,1200,480],vpt:['-100px&#039;,&#039;-100px&#039;,&#039;-100px&#039;,&#039;-100px&#039;,&#039;-100px'],size:{fullWidth:false, fullHeight:false},mh:'0',onh:0,onw:0,bg:{color:'{\"orig\":\"transparent\",\"type\":\"solid\",\"string\":\"transparent\"}'}});   SR7.PMH[\"SR7_37_1\"].state=true;} else if(SR7.PMH[\"SR7_37_1\"].cn-->0)\tsetTimeout( SR7.PMH[\"SR7_37_1\"].fn,19);}};SR7.PMH[\"SR7_37_1\" ].fn();\n\t\t\t\t<\/script>\n<\/div><\/div><\/div><\/div><\/section>\n","protected":false},"excerpt":{"rendered":"atgal RASOS Ne\u012fvertinta istorin\u0117 vietov\u0117. Vieta, kuri traukia savo senais pastatais ir gamta. Jus su\u017eav\u0117s Ras\u0173 \u0161iluma ir j\u0173 skirtumas tarp kit\u0173 Vilniaus rajon\u0173. Vir\u0161utin\u0117s natos: ananasai, vy\u0161nia, aviet\u0117s. Vidurin\u0117s natos: tuberoza, heliotropas, kvepen\u0117. Bazin\u0117s natos: \u0161lamut\u0117, frankincensas, baltasis muskusas. \u0160ie kvepalai skirti moterims.","protected":false},"author":2,"featured_media":0,"parent":430,"menu_order":0,"comment_status":"closed","ping_status":"closed","template":"","meta":{"_acf_changed":false,"footnotes":""},"class_list":["post-719","page","type-page","status-publish","hentry"],"acf":[],"_links":{"self":[{"href":"https:\/\/jelenadovgan.com\/lt\/wp-json\/wp\/v2\/pages\/719","targetHints":{"allow":["GET"]}}],"collection":[{"href":"https:\/\/jelenadovgan.com\/lt\/wp-json\/wp\/v2\/pages"}],"about":[{"href":"https:\/\/jelenadovgan.com\/lt\/wp-json\/wp\/v2\/types\/page"}],"author":[{"embeddable":true,"href":"https:\/\/jelenadovgan.com\/lt\/wp-json\/wp\/v2\/users\/2"}],"replies":[{"embeddable":true,"href":"https:\/\/jelenadovgan.com\/lt\/wp-json\/wp\/v2\/comments?post=719"}],"version-history":[{"count":1,"href":"https:\/\/jelenadovgan.com\/lt\/wp-json\/wp\/v2\/pages\/719\/revisions"}],"predecessor-version":[{"id":726,"href":"https:\/\/jelenadovgan.com\/lt\/wp-json\/wp\/v2\/pages\/719\/revisions\/726"}],"up":[{"embeddable":true,"href":"https:\/\/jelenadovgan.com\/lt\/wp-json\/wp\/v2\/pages\/430"}],"wp:attachment":[{"href":"https:\/\/jelenadovgan.com\/lt\/wp-json\/wp\/v2\/media?parent=719"}],"curies":[{"name":"wp","href":"https:\/\/api.w.org\/{rel}","templated":true}]}}